{"id":100998,"date":"2022-07-03T09:23:02","date_gmt":"2022-07-03T09:23:02","guid":{"rendered":"https:\/\/maxon-klima.rs\/?page_id=100998"},"modified":"2022-07-03T09:23:02","modified_gmt":"2022-07-03T09:23:02","slug":"upotreba-kolacica","status":"publish","type":"page","link":"http:\/\/maxon-klima.rs\/hr\/upotreba-kolacica\/","title":{"rendered":"Upotreba kola\u010di\u0107a"},"content":{"rendered":"<p>[et_pb_section fb_built=&#8221;1&#8243; _builder_version=&#8221;4.17.4&#8243; _module_preset=&#8221;default&#8221; global_colors_info=&#8221;{}&#8221;][et_pb_row _builder_version=&#8221;4.17.4&#8243; _module_preset=&#8221;default&#8221; global_colors_info=&#8221;{}&#8221;][et_pb_column type=&#8221;4_4&#8243; _builder_version=&#8221;4.17.4&#8243; _module_preset=&#8221;default&#8221; global_colors_info=&#8221;{}&#8221;][et_pb_text _builder_version=&#8221;4.17.4&#8243; _module_preset=&#8221;default&#8221; hover_enabled=&#8221;0&#8243; global_colors_info=&#8221;{}&#8221; sticky_enabled=&#8221;0&#8243;]<\/p>\n<h2 style=\"text-align: center;\"><strong>Politika kori\u0161tenja kola\u010di\u0107a<\/strong><\/h2>\n<p>&nbsp;<\/p>\n<p>Ova internetska stranica, njezine e-mail poruke, on-line usluge, reklame i interaktivne aplikacije mogu koristiti \u201ekola\u010di\u0107e\u201c radi pobolj\u0161anja na\u0161ih usluga.<\/p>\n<p><strong><u><\/u><\/strong><\/p>\n<p><strong><u>\u0160to je \u201ekola\u010di\u0107\u201c?<\/u><\/strong><\/p>\n<p>\u201cKola\u010di\u0107i\u201d (\u201ccookies\u201d) su male datoteke koje Va\u0161 internetski preglednik sprema na tvrdi disk ra\u010dunala prilikom posjete na\u0161e Internetske stranice. To omogu\u0107uje na\u0161oj stranici da prepozna Va\u0161e ra\u010dunalo kada nas sljede\u0107i put posjetite, kako bi vam sukladno tome ponudili personalizirano iskustvo prilikom va\u0161eg surfanja.<br \/>Da bi \u201ekola\u010di\u0107e\u201c mogli koristiti sukladno Zakonu o elektroni\u010dkim komunikacijama, Zakonu o za\u0161titi osobnih podataka i Direktivama EU 2002\/58\/EZ i 95\/46\/EZ treba nam\u00a0<strong>va\u0161a privola<\/strong>.<\/p>\n<p>Kori\u0161tenjem ove Internet stranice dajete privolu i pristajete na uporabu kola\u010di\u0107a. Blokiranjem kola\u010di\u0107a i dalje mo\u017eete pregledavati stranicu, no neke njezine mogu\u0107nosti Vam ne\u0107e biti dostupne.<br \/>Kola\u010di\u0107i nisu usmjereni na \u0161pijuniranje korisnika i ne slijede sve \u0161to korisnik radi te nisu zlonamjerni kod ili virus. Tako\u0111er kola\u010di\u0107i nisu povezani s ne\u017eeljenim porukama ili spamom, ne mogu slijediti ono \u0161to tipkate na tipkovnici (ne mogu spremiti lozinku) i nisu namijenjeni isklju\u010divo za reklame ili ogla\u0161avanje.<\/p>\n<p><strong><u><\/u><\/strong><\/p>\n<p><strong><u>Koje vrste kola\u010di\u0107a koristi ova Stranica?<\/u><\/strong><\/p>\n<p>MB Frigo Grupa d.o.o. na svojim Internetskim stranicama koristi dvije vrste \u201ckola\u010di\u0107a\u201c :<\/p>\n<ul>\n<li>Privremeni kola\u010di\u0107i (\u201esession cookies\u201c): ovo su privremeni kola\u010di\u0107i koji ostaju u kola\u010di\u0107 datoteci Va\u0161eg preglednika dok ne zavr\u0161ite Va\u0161e pretra\u017eivanje. Ti kola\u010di\u0107i su obvezni za pravilan rad odre\u0111enih aplikacija ili funkcionalnosti na ovoj Stranici.<\/li>\n<li>Trajni kola\u010di\u0107i (\u201epersistent cookies\u201c): trajne kola\u010di\u0107e mo\u017eemo koristiti radi boljeg iskustva na\u0161ih korisnika (npr. pru\u017eanje optimizirane navigacije). Ti kola\u010di\u0107i ostaju u kola\u010di\u0107 datoteci Va\u0161eg preglednika du\u017ee vrijeme. Taj vremenski period ovisit \u0107e o izboru postavki na Va\u0161em Internet pregledniku. Trajni kola\u010di\u0107i omogu\u0107uju da se podaci prenesu na web server svaki put kada netko posjeti stranicu. Trajni kola\u010di\u0107i su poznati i kao prate\u0107i kola\u010di\u0107i.<\/li>\n<\/ul>\n<p>Na\u0161im korisnicima stalno nastojimo pru\u017eiti najbolje mogu\u0107e korisni\u010dko iskustvo pa je potrebno napomenuti da na\u0161e Internetske stranice rade optimalno samo ako su kola\u010di\u0107i omogu\u0107eni. Tako vas mo\u017eemo prepoznati kad ponovno posjetite na\u0161u stranicu, a kola\u010di\u0107i nam tako\u0111er omogu\u0107uju otkrivanje i ispravljanje pogre\u0161aka, tako da Va\u0161 pregled stranice bude br\u017ei i prilago\u0111en va\u0161im potrebama. Dodatne informacije, poput Va\u0161eg imena ili e-mail adrese \u0107e biti spremljene jedino ako Vi to omogu\u0107ite \u2013 web stranice ne mogu dobiti pristup informacijama koje im Vi niste dali i ne mogu pristupiti drugim datotekama na Va\u0161em ra\u010dunalu.<\/p>\n<p><strong><\/strong><\/p>\n<p><strong><u>Kola\u010di\u0107i tre\u0107ih osoba<\/u><\/strong><\/p>\n<p>MB Frigo Grupa d.o.o. na svojim internetskim stranicama koristi vlastite kola\u010di\u0107e, a istovremeno omogu\u0107uje odabranim tre\u0107im stranama da na korisnikovo ra\u010dunalo instaliraju svoje kola\u010di\u0107e (takozvani vanjski kola\u010di\u0107i). Ovi kola\u010di\u0107i nisu postavljeni od strane ove web stranice, ali neki slu\u017ee za normalno funkcioniranje odre\u0111enih mogu\u0107 nosti koje korisnicima olak\u0161avaju pristup sadr\u017eaju. Korisnik kori\u0161tenjem Internet stranice daje suglasnost za upotrebu kola\u010di\u0107a MB Frigo Grupa d.o.o. i tre\u0107im stranama.<\/p>\n<p><strong><\/strong><\/p>\n<p><strong><u>Upravljanje dozvolom za upotrebu kola\u010di\u0107a<\/u><\/strong><\/p>\n<p>Odluka ho\u0107e li ili ne, dopustiti Internetskoj stranici kori\u0161tenje kola\u010di\u0107a u potpunosti je u va\u0161im rukama. Treba napomenuti da Internetska stranica funkcionira optimalno samo ako je omogu\u0107eno kori\u0161tenje kola\u010di\u0107a.<\/p>\n<p><strong><\/strong><\/p>\n<p><strong><u>Kako onemogu\u0107iti kola\u010di\u0107e<\/u><\/strong>?<\/p>\n<p>Isklju\u010divanjem kola\u010di\u0107a odlu\u010dujete ho\u0107ete li dopustiti pohranjivanje kola\u010di\u0107a na va\u0161em ra\u010dunalu. Postavke za kola\u010di\u0107e mogu se kontrolirati i konfigurirati u va\u0161em Internet pregledniku.<\/p>\n<p>Ovla\u0161teni ste zabraniti primanje kola\u010di\u0107a, \u0161to mo\u017eete u\u010diniti tako da u izborniku Alati\/Opcije (Tools\/Options) svog internetskog preglednika izaberete tu mogu\u0107nost.<\/p>\n<p>[\/et_pb_text][\/et_pb_column][\/et_pb_row][\/et_pb_section]<\/p>\n","protected":false},"excerpt":{"rendered":"<p>Politika kori\u0161tenja kola\u010di\u0107a &nbsp; Ova internetska stranica, njezine e-mail poruke, on-line usluge, reklame i interaktivne aplikacije mogu koristiti \u201ekola\u010di\u0107e\u201c radi pobolj\u0161anja na\u0161ih usluga. \u0160to je \u201ekola\u010di\u0107\u201c? \u201cKola\u010di\u0107i\u201d (\u201ccookies\u201d) su male datoteke koje Va\u0161 internetski preglednik sprema na tvrdi disk ra\u010dunala prilikom posjete na\u0161e Internetske stranice. To omogu\u0107uje na\u0161oj stranici da prepozna Va\u0161e ra\u010dunalo kada nas [&hellip;]<\/p>\n","protected":false},"author":1,"featured_media":0,"parent":0,"menu_order":0,"comment_status":"closed","ping_status":"closed","template":"","meta":{"_et_pb_use_builder":"on","_et_pb_old_content":"","_et_gb_content_width":"","footnotes":""},"class_list":["post-100998","page","type-page","status-publish","hentry"],"yoast_head":"<!-- This site is optimized with the Yoast SEO plugin v27.3 - https:\/\/yoast.com\/product\/yoast-seo-wordpress\/ -->\n<title>Upotreba kola\u010di\u0107a - Maxon<\/title>\n<meta name=\"robots\" content=\"index, follow, max-snippet:-1, max-image-preview:large, max-video-preview:-1\" \/>\n<link rel=\"canonical\" href=\"http:\/\/maxon-klima.rs\/hr\/upotreba-kolacica\/\" \/>\n<meta property=\"og:locale\" content=\"hr_HR\" \/>\n<meta property=\"og:type\" content=\"article\" \/>\n<meta property=\"og:title\" content=\"Upotreba kola\u010di\u0107a - Maxon\" \/>\n<meta property=\"og:description\" content=\"Politika kori\u0161tenja kola\u010di\u0107a &nbsp; Ova internetska stranica, njezine e-mail poruke, on-line usluge, reklame i interaktivne aplikacije mogu koristiti \u201ekola\u010di\u0107e\u201c radi pobolj\u0161anja na\u0161ih usluga. \u0160to je \u201ekola\u010di\u0107\u201c? \u201cKola\u010di\u0107i\u201d (\u201ccookies\u201d) su male datoteke koje Va\u0161 internetski preglednik sprema na tvrdi disk ra\u010dunala prilikom posjete na\u0161e Internetske stranice. To omogu\u0107uje na\u0161oj stranici da prepozna Va\u0161e ra\u010dunalo kada nas [&hellip;]\" \/>\n<meta property=\"og:url\" content=\"http:\/\/maxon-klima.rs\/hr\/upotreba-kolacica\/\" \/>\n<meta property=\"og:site_name\" content=\"Maxon\" \/>\n<meta name=\"twitter:card\" content=\"summary_large_image\" \/>\n<meta name=\"twitter:label1\" content=\"Procijenjeno vrijeme \u010ditanja\" \/>\n\t<meta name=\"twitter:data1\" content=\"4 minute\" \/>\n<script type=\"application\/ld+json\" class=\"yoast-schema-graph\">{\"@context\":\"https:\\\/\\\/schema.org\",\"@graph\":[{\"@type\":\"WebPage\",\"@id\":\"http:\\\/\\\/maxon-klima.rs\\\/hr\\\/upotreba-kolacica\\\/\",\"url\":\"http:\\\/\\\/maxon-klima.rs\\\/hr\\\/upotreba-kolacica\\\/\",\"name\":\"Upotreba kola\u010di\u0107a - Maxon\",\"isPartOf\":{\"@id\":\"http:\\\/\\\/maxon-klima.rs\\\/hr\\\/#website\"},\"datePublished\":\"2022-07-03T09:23:02+00:00\",\"breadcrumb\":{\"@id\":\"http:\\\/\\\/maxon-klima.rs\\\/hr\\\/upotreba-kolacica\\\/#breadcrumb\"},\"inLanguage\":\"hr\",\"potentialAction\":[{\"@type\":\"ReadAction\",\"target\":[\"http:\\\/\\\/maxon-klima.rs\\\/hr\\\/upotreba-kolacica\\\/\"]}]},{\"@type\":\"BreadcrumbList\",\"@id\":\"http:\\\/\\\/maxon-klima.rs\\\/hr\\\/upotreba-kolacica\\\/#breadcrumb\",\"itemListElement\":[{\"@type\":\"ListItem\",\"position\":1,\"name\":\"Po\u010detna stranica\",\"item\":\"http:\\\/\\\/maxon-klima.rs\\\/hr\\\/\"},{\"@type\":\"ListItem\",\"position\":2,\"name\":\"Upotreba kola\u010di\u0107a\"}]},{\"@type\":\"WebSite\",\"@id\":\"http:\\\/\\\/maxon-klima.rs\\\/hr\\\/#website\",\"url\":\"http:\\\/\\\/maxon-klima.rs\\\/hr\\\/\",\"name\":\"Maxon\",\"description\":\"#1\",\"potentialAction\":[{\"@type\":\"SearchAction\",\"target\":{\"@type\":\"EntryPoint\",\"urlTemplate\":\"http:\\\/\\\/maxon-klima.rs\\\/hr\\\/?s={search_term_string}\"},\"query-input\":{\"@type\":\"PropertyValueSpecification\",\"valueRequired\":true,\"valueName\":\"search_term_string\"}}],\"inLanguage\":\"hr\"}]}<\/script>\n<!-- \/ Yoast SEO plugin. -->","yoast_head_json":{"title":"Upotreba kola\u010di\u0107a - Maxon","robots":{"index":"index","follow":"follow","max-snippet":"max-snippet:-1","max-image-preview":"max-image-preview:large","max-video-preview":"max-video-preview:-1"},"canonical":"http:\/\/maxon-klima.rs\/hr\/upotreba-kolacica\/","og_locale":"hr_HR","og_type":"article","og_title":"Upotreba kola\u010di\u0107a - Maxon","og_description":"Politika kori\u0161tenja kola\u010di\u0107a &nbsp; Ova internetska stranica, njezine e-mail poruke, on-line usluge, reklame i interaktivne aplikacije mogu koristiti \u201ekola\u010di\u0107e\u201c radi pobolj\u0161anja na\u0161ih usluga. \u0160to je \u201ekola\u010di\u0107\u201c? \u201cKola\u010di\u0107i\u201d (\u201ccookies\u201d) su male datoteke koje Va\u0161 internetski preglednik sprema na tvrdi disk ra\u010dunala prilikom posjete na\u0161e Internetske stranice. To omogu\u0107uje na\u0161oj stranici da prepozna Va\u0161e ra\u010dunalo kada nas [&hellip;]","og_url":"http:\/\/maxon-klima.rs\/hr\/upotreba-kolacica\/","og_site_name":"Maxon","twitter_card":"summary_large_image","twitter_misc":{"Procijenjeno vrijeme \u010ditanja":"4 minute"},"schema":{"@context":"https:\/\/schema.org","@graph":[{"@type":"WebPage","@id":"http:\/\/maxon-klima.rs\/hr\/upotreba-kolacica\/","url":"http:\/\/maxon-klima.rs\/hr\/upotreba-kolacica\/","name":"Upotreba kola\u010di\u0107a - Maxon","isPartOf":{"@id":"http:\/\/maxon-klima.rs\/hr\/#website"},"datePublished":"2022-07-03T09:23:02+00:00","breadcrumb":{"@id":"http:\/\/maxon-klima.rs\/hr\/upotreba-kolacica\/#breadcrumb"},"inLanguage":"hr","potentialAction":[{"@type":"ReadAction","target":["http:\/\/maxon-klima.rs\/hr\/upotreba-kolacica\/"]}]},{"@type":"BreadcrumbList","@id":"http:\/\/maxon-klima.rs\/hr\/upotreba-kolacica\/#breadcrumb","itemListElement":[{"@type":"ListItem","position":1,"name":"Po\u010detna stranica","item":"http:\/\/maxon-klima.rs\/hr\/"},{"@type":"ListItem","position":2,"name":"Upotreba kola\u010di\u0107a"}]},{"@type":"WebSite","@id":"http:\/\/maxon-klima.rs\/hr\/#website","url":"http:\/\/maxon-klima.rs\/hr\/","name":"Maxon","description":"#1","potentialAction":[{"@type":"SearchAction","target":{"@type":"EntryPoint","urlTemplate":"http:\/\/maxon-klima.rs\/hr\/?s={search_term_string}"},"query-input":{"@type":"PropertyValueSpecification","valueRequired":true,"valueName":"search_term_string"}}],"inLanguage":"hr"}]}},"_links":{"self":[{"href":"http:\/\/maxon-klima.rs\/hr\/wp-json\/wp\/v2\/pages\/100998","targetHints":{"allow":["GET"]}}],"collection":[{"href":"http:\/\/maxon-klima.rs\/hr\/wp-json\/wp\/v2\/pages"}],"about":[{"href":"http:\/\/maxon-klima.rs\/hr\/wp-json\/wp\/v2\/types\/page"}],"author":[{"embeddable":true,"href":"http:\/\/maxon-klima.rs\/hr\/wp-json\/wp\/v2\/users\/1"}],"replies":[{"embeddable":true,"href":"http:\/\/maxon-klima.rs\/hr\/wp-json\/wp\/v2\/comments?post=100998"}],"version-history":[{"count":3,"href":"http:\/\/maxon-klima.rs\/hr\/wp-json\/wp\/v2\/pages\/100998\/revisions"}],"predecessor-version":[{"id":101003,"href":"http:\/\/maxon-klima.rs\/hr\/wp-json\/wp\/v2\/pages\/100998\/revisions\/101003"}],"wp:attachment":[{"href":"http:\/\/maxon-klima.rs\/hr\/wp-json\/wp\/v2\/media?parent=100998"}],"curies":[{"name":"wp","href":"https:\/\/api.w.org\/{rel}","templated":true}]}}