{"id":101005,"date":"2022-07-03T09:33:59","date_gmt":"2022-07-03T09:33:59","guid":{"rendered":"https:\/\/maxon-klima.rs\/?page_id=101005"},"modified":"2022-07-03T09:42:43","modified_gmt":"2022-07-03T09:42:43","slug":"izjava-o-privatnosti","status":"publish","type":"page","link":"http:\/\/maxon-klima.rs\/hr\/izjava-o-privatnosti\/","title":{"rendered":"Izjava o privatnosti"},"content":{"rendered":"<p>[et_pb_section fb_built=&#8221;1&#8243; _builder_version=&#8221;4.17.4&#8243; _module_preset=&#8221;default&#8221; hover_enabled=&#8221;0&#8243; global_colors_info=&#8221;{}&#8221; custom_padding=&#8221;||100px||false|false&#8221; sticky_enabled=&#8221;0&#8243;][et_pb_row _builder_version=&#8221;4.17.4&#8243; _module_preset=&#8221;default&#8221; global_colors_info=&#8221;{}&#8221;][et_pb_column type=&#8221;4_4&#8243; _builder_version=&#8221;4.17.4&#8243; _module_preset=&#8221;default&#8221; global_colors_info=&#8221;{}&#8221;][et_pb_text _builder_version=&#8221;4.17.4&#8243; _module_preset=&#8221;default&#8221; text_line_height=&#8221;2em&#8221; header_text_color=&#8221;#005aaa&#8221; header_2_text_color=&#8221;#14aca3&#8243; hover_enabled=&#8221;0&#8243; global_colors_info=&#8221;{}&#8221; sticky_enabled=&#8221;0&#8243;]<\/p>\n<h2 style=\"text-align: center;\"><strong>Izjava o privatnosti<\/strong><\/h2>\n<p>&nbsp;<\/p>\n<p style=\"text-align: justify;\">Za\u0161tita osobnih podataka na\u0161ih korisnika poseban je interes na\u0161e tvrtke. Sve aktivnosti MB Frigo Grupe d.o.o. (u daljem tekstu MB Frigo Grupa) na zadovoljavaju europske propise (EU Direktiva 95\/46\/EC,2002,58\/Ec i Me\u0111unarodni sporazum ETS 108, ETS 181, ETS 185, ETS 189) i dr\u017eavne zakone koji su na snazi u zemljama srednje i isto\u010dne Europe. U Republici Hrvatskoj pridr\u017eavamo se i Zakona o za\u0161titi osobnih podataka (N.N.103\/03.). MB Frigo Grupa pridr\u017eava se zakonima iz Op\u0107e uredbe o za\u0161titi podataka (EU-OUZP). Osobni su podaci informacije pomo\u0107u kojih se utvr\u0111uje identitet, izme\u0111u ostalog su to ime, adresa i broj telefona u svrhu poslovanja tj. sklapanja kupoprodajnih ugovora, informiranju o aktivnostima MB FRigo Grupe kao i organizaciji aktivnosti u svrhu informiranja.<\/p>\n<h3>\u00a0<strong>1.Voditelj obrade<\/strong><\/h3>\n<p style=\"text-align: justify;\">MB Frigo Grupa je voditelj obrade sljede\u0107ih internetskih stranica<span>\u00a0<\/span><a href=\"http:\/\/www.mbfrigo.hr\/\">www.mbfrigo.hr<\/a>,<span>\u00a0<\/span><a href=\"http:\/\/www.haier-klima.com\/\">www.haier-klima.com<\/a>,<span>\u00a0<\/span><a href=\"http:\/\/www.maxon.klima.com\/\">www.maxon.klima.com<\/a><span>\u00a0<\/span>i<span>\u00a0<\/span><a href=\"http:\/\/www.toshiba.hr\/\">www.toshiba.hr<\/a><span>\u00a0<\/span>kao i online-trgovine<span>\u00a0<\/span><a href=\"http:\/\/www.trebamklimu.hr\/\">www.trebamklimu.hr.<\/a><\/p>\n<p>U kontakt s\u00a0MB Frigo Grupom mo\u017eete stupiti kori\u0161tenjem sljede\u0107ih komunikacijskih kanala:<\/p>\n<ul>\n<li>slanjem pisma na adresu: MB Frigo Grupa d.o.o., Bani 81, 10010 Zagreb<\/li>\n<li>telefonskim pozivom na broj: +385 (0)1 66 08 002<\/li>\n<li>slanjem e-po\u0161te na adresu: voditelj@mbfrigo.hr<\/li>\n<\/ul>\n<h3><strong><\/strong><\/h3>\n<h3><strong>2. Posjeta internetskim stranicama<\/strong><\/h3>\n<p>U trenutku kada posjetite na\u0161e internetske stranice, u tzv. \u201eServer Log Files\u201c se automatski spremaju informacije koje nam \u0161alje va\u0161 preglednik. Pritom se radi o informacijama kao \u0161to su vrsta\/verzija preglednika, kori\u0161ten operativni sustav, referrer URL (ranije posje\u0107ena stranica),\u00a0hostname pristupnog ra\u010dunala (IP-adresa) te vrijeme upita poslu\u017eitelju.<\/p>\n<p>Navedeni se podaci ne mogu dovesti u vezu s nekom odre\u0111enom fizi\u010dkom osobom, dakle ne omogu\u0107avaju utvr\u0111ivanje identiteta korisnika. Spremanje tih podataka vr\u0161i se jedino u svrhe koje se ti\u010du samoga sustava te u statisti\u010dke svrhe. Ti se podaci ne povezuju s drugim izvorima podataka da bi se doveli u vezu s nekom odre\u0111enom osobom.<\/p>\n<p><strong><\/strong><\/p>\n<h3><strong>3. Svrha obrade podataka i pravna osnova<\/strong><\/h3>\n<ul>\n<li>\u00a0 \u00a0 \u00a0\u00a0<strong><span>\u00a0<\/span>Provedba ugovora<\/strong><\/li>\n<\/ul>\n<p>Sljede\u0107e podatke prikupljamo i obra\u0111ujemo za potrebe registracije klijenata ili dobavlja\u010da, koju provodi MB Frigo Grupa u cilju realizacije narud\u017ebe i obrade zahtjeva iz ugovora o kupoprodaji odnosno ugovora o pru\u017eanju usluga (isporuka, obra\u010dun, jamstvo itd.):<\/p>\n<p>\u2013 naziv dru\u0161tva, ime i prezime osobe za kontakt (te, od slu\u010daja do slu\u010daja, imena direktora i vlasnika)<\/p>\n<p>\u2013 porezni broj i podatke iz dozvole za obavljanje gospodarske djelatnosti<\/p>\n<p>\u2013 adresu (ulica, po\u0161tanski broj, mjesto)<\/p>\n<p>\u2013 adresu e-po\u0161te<\/p>\n<p>\u2013 broj telefona i telefaksa<\/p>\n<p>Ako nam podatke koji su nam potrebni ne stavite na raspolaganje, va\u0161a kupovina, odnosno\u00a0realizacija va\u0161eg naloga za izradu proizvoda ili za izvr\u0161enje usluge i otvaranje ra\u010duna klijenta ne\u0107e biti mogu\u0107a.<\/p>\n<ul>\n<li>\u00a0 \u00a0\u00a0<strong><span>\u00a0<\/span>Obra\u010dun, provjera kreditne sposobnosti i naplata potra\u017eivanja<\/strong><\/li>\n<\/ul>\n<p>Podaci koje ste dali u svrhu registracije kao klijent povremeno, sa svrhom provjere ispravnosti podataka te va\u0161e kreditne sposobnosti, sa svrhom provjere ispravnosti podataka te va\u0161e kreditne sposobnosti, a u okviru ugovora o obradi podataka\u00a0uspore\u0111uju s podacima internetskog portala\u00a0<a href=\"https:\/\/www.fininfo.hr\/\">www.fininfo.hr<\/a>.<\/p>\n<p>Pravna osnova je opravdani gospodarski interes operativnog poduze\u0107a\u00a0 da prije sastavljanja obvezuju\u0107e ponude provjeri financijsko stanje potencijalnoga poslovnog partnera. U slu\u010daju naplate potra\u017eivanja doti\u010dno operativno dru\u0161tvo MB Frigo Grupa nastoji ostvariti svoja ugovorna prava.<\/p>\n<ul>\n<li>\u00a0\u00a0<strong><span>\u00a0<\/span>Korisni\u010dke usluge, izravno ogla\u0161avanje i newsletteri<\/strong><\/li>\n<\/ul>\n<p>Podatke koje ste nam kao klijent stavili na tako\u0111er koristimo da bismo s vama stupili u kontakt i skrenuli vam pozornost na nove proizvode i usluge ili da bismo vam pru\u017eili druge informacije koje bi vas mogle zanimati.<\/p>\n<p>Pravna osnova je opravdani gospodarski interes MB Frigo Grupe da osigura dugoro\u010dno zadovoljstvo svojih klijenata i da s njima odr\u017eava dobre odnose. Ukazujemo vam na to da u svakome trenutku bez navo\u0111enja razloga mo\u017eete kontaktirati voditelja obrade (to\u010dka br. 1) te iskazati svoje protivljenje takvoj uspostavi kontakta. Svoja \u0107ete op\u0107a prava u pogledu obrade podataka na\u0107i pod to\u010dkom br. 8.<\/p>\n<ul>\n<li><strong><span>\u00a0<\/span>Uvr\u0161tavanje me\u0111u dobavlja\u010de i ostali zahtjevi za kontakt<\/strong><\/li>\n<\/ul>\n<p>Potencijalnim dobavlja\u010dima i svakom posjetitelju na svojim internetskim stranicama nudimo mogu\u0107nost da s nama stupe u kontakt.<\/p>\n<p>Pravna osnova je opravdani gospodarski interes MB Frigo Grupe da komunicira s\u00a0zainteresiranim osobama. Ukazujemo vam na to da ovakvom stupanju u kontakt od strane nekoga iz MB Frigo Grupe uvijek i bez navo\u0111enja razloga mo\u017eete iskazati svoje protivljenje i to kao potencijalni dobavlja\u010d u pisanom obliku slanjem e-po\u0161te na<span>\u00a0<\/span><a href=\"mailto:voditelj@mbfrigo.hr\">voditelj@mbfrigo.hr<\/a><span>\u00a0<\/span>odnosno\u00a0kao op\u0107enito zainteresirana strana kontaktiranjem voditelja obrade (1. to\u010dka).<\/p>\n<ul>\n<li><strong><span>\u00a0<\/span>Nagradne igre<\/strong><\/li>\n<\/ul>\n<p>MB Frigo Grupa u okviru raznih doga\u0111anja za klijente i druge sudionike nude nagradne igre. Sljede\u0107i se osobni podaci prikupljaju radi kasnijeg stupanja u kontakt s dobitnikom\/dobitnicima:<\/p>\n<p>\u2013 ime<\/p>\n<p>\u2013 adresa<\/p>\n<p>\u2013 adresa e-po\u0161te<\/p>\n<p>\u2013 broj telefona<\/p>\n<p>Pravna osnova je pristanak na prijenos navedenih podataka iskazan pristankom kojom se potvr\u0111uje sudjelovanje u igri. Pristanak se do izvla\u010denja mo\u017ee uvijek opozvati slanjem obavijesti osobi za kontakte kod voditelja obrade (vidi 1. to\u010dku) ili izravno organizatoru nagradne igre MB Frigo Grupi.<\/p>\n<p>Podaci koji su prikupljeni za potrebe nagradne igre bri\u0161u se odmah nakon izvla\u010denja.<\/p>\n<h3><strong><\/strong><\/h3>\n<h3><strong>4. Upotreba kola\u010di\u0107a<\/strong><\/h3>\n<p>Da bismo posjetu na\u0161oj internetskoj stranici u\u010dinili privla\u010dnijom i omogu\u0107ili kori\u0161tenje odre\u0111enih funkcija, koristimo tzv. kola\u010di\u0107e odnosno\u00a0\u00a0\u201ccookies\u201d. Pritom je rije\u010d o datotekama koje se spremaju na va\u0161em ra\u010dunalu, a pomo\u0107u kojih se pove\u0107ava jednostavnost kori\u0161tenja internetske stranice.<\/p>\n<p>Postoje dvije vrste kola\u010di\u0107a: stalni i privremeni (kola\u010di\u0107i sesije). Kola\u010di\u0107i sesije se spremaju samo onoliko dugo dok ne zatvorite svoj internetski preglednik, nakon \u010dega se bri\u0161u. Za razliku od njih, stalni kola\u010di\u0107i na va\u0161em ra\u010dunalu ostaju i nakon \u0161to ste zatvorili svoj internetski preglednik.<\/p>\n<p>Kola\u010di\u0107e sa svog ra\u010dunala mo\u017eete bez problema odstraniti. Upute o postupanju s kola\u010di\u0107ima, odnosno\u00a0o na\u010dinu njihova brisanja, prona\u0107i \u0107ete u\u00a0rubrici \u201ePomo\u0107\u201c svoga preglednika. Kola\u010di\u0107e mo\u017eete u potpunosti deaktivirati ili mo\u017eete preglednik podesiti tako da vas obavijesti svaki put kad je na va\u0161e ra\u010dunalo poslan novi kola\u010di\u0107.<\/p>\n<p><strong><\/strong><\/p>\n<h3><strong>5. Google Analytics<\/strong><\/h3>\n<p>Ova se internetska stranica koristi funkcijom Google Analytics, tj. uslugom web-analize dru\u0161tva Google Inc. (u nastavku \u201eGoogle\u201c). Google Analytics koristi kola\u010di\u0107e koji omogu\u0107avaju analizu va\u0161eg kori\u0161tenja na\u0161ih internetskih stranica. Informacije o va\u0161em kori\u0161tenju ovih internetskih stranica (uklju\u010duju\u0107i va\u0161u IP-adresu) koje se dobivaju zahvaljuju\u0107i tim kola\u010di\u0107ima, prenose se na Googleov poslu\u017eitelj u SAD-u, gdje se pohranjuju u trajanju od 38 mjeseci. Google te informacije koristi za potrebe analize kori\u0161tenja internetskih stranica, zatim da bi za vlasnike stranica sastavio izvje\u0161\u0107a o aktivnostima internetskih stranica te kako bi pru\u017eao druge usluge u povezanosti s kori\u0161tenjem internetskih stranica i interneta.<\/p>\n<p>Google te informacije eventualno proslje\u0111uje tre\u0107ima ako je tako zakonom propisano, odnosno ako tre\u0107e osobe te podatke obra\u0111uju po nalogu Googlea. Instaliranje kola\u010di\u0107a mo\u017eete sprije\u010diti odgovaraju\u0107im postavkama softvera u svom pregledniku. Me\u0111utim, skre\u0107emo pozornost da u tom slu\u010daju mo\u017eda ne\u0107ete mo\u0107i koristiti sve funkcije ove stranice u punom opsegu.<\/p>\n<p>Kori\u0161tenjem ovih internetskih stranica izjavljujete da ste suglasni s obradom podataka koje Google o vama prikupi na opisan na\u010din te u navedenu svrhu. U protivnom tako\u0111er postoji mogu\u0107nost deaktivacije funkcije Google Analytics odabirom funkcije Browser Add-on.<\/p>\n<p><strong><\/strong><\/p>\n<h3><strong>6. Retargeting funkcije\u00a0<\/strong><\/h3>\n<p>Ova internetska stranica koristi tzv. \u201eretargeting tags\u201c. \u201cRetargeting-tag\u201d ozna\u010dava element JavaScripta koji se smje\u0161ta u programski kod internetske stranice. Ako korisnik na ovoj internetskoj stranici posjeti stranicu koja sadr\u017eava \u201eretargeting tag\u201c, neki ponu\u0111a\u010d on-line oglasa (npr. Google) na ra\u010dunalo tog korisnika sprema kola\u010di\u0107 te ga pridru\u017euje odgovaraju\u0107im popisima ciljnih skupina za retargeting. Kasnije taj kola\u010di\u0107 slu\u017ei za uklju\u010divanje retargeting-kampanja (\u201eoglas na temelju prethodno iskazanog interesa\u201c) na drugim internetskim stranicama. Instaliranje kola\u010di\u0107a mo\u017eete sprije\u010diti odgovaraju\u0107im postavkama softvera u svom pregledniku. Me\u0111utim, skre\u0107emo pozornost da u tom slu\u010daju mo\u017eda ne\u0107ete mo\u0107i koristiti sve funkcije ove stranice u punom opsegu.<\/p>\n<p><strong><\/strong><\/p>\n<h3><strong>7. Sigurnost podataka<\/strong><\/h3>\n<p>Primjenom tehni\u010dkih i organizacijskih mjera svoje internetske stranice i ostale sustave osiguravamo od gubitka, uni\u0161tavanja, mijenjanja, \u0161irenja va\u0161ih podataka te pristupa va\u0161im podacima od strane neovla\u0161tenih osoba. Na\u0161im se ra\u010dunalnim centrima upravlja u skladu s najnovijim sigurnosnim standardima, u koje ubrajamo tehnologije firewall i intrusion-detection te opse\u017ene fizi\u010dke kontrole ograni\u010denja pristupa. Na razini aplikacija se primjenjuju kako moderne metode autentifikacije ovla\u0161tenja korisnika i administratora tako i svakodnevna sigurnosna pohrana svih podataka i njihovo decentralizirano arhiviranje. U postupku nabave va\u0161i se podaci o pla\u0107anju putem interneta prenose u kriptiranom obliku.<\/p>\n<p><strong><\/strong><\/p>\n<h3><strong>8. Vrijeme pohranjivanja podataka<\/strong><\/h3>\n<p>Ovisno o potrebi se va\u0161i osobni podaci spremaju do isteka obveze \u010duvanja podataka u skladu s poreznim zakonodavstvom i pravom o trgova\u010dkim dru\u0161tvima, odnosno do istaka op\u0107e zastare u skladu s Op\u0107im uvjetima poslovanja.<\/p>\n<p><strong><\/strong><\/p>\n<h3><strong>9. Maloljetnici<\/strong><\/h3>\n<p>MB Frigo Grupa savjetuje svim roditeljima i starateljima da nau\u010de svoju djecu kako sigurno i odgovorno koristiti svoje osobne podatke na Internetu. Maloljetnici ne bi smjeli ostavljati nikakve osobne podatke na stranicama MB FRigo Grupe bez dopu\u0161tenja roditelja ili staratelja. MB Frigo Grupa nikada ne\u0107e namjerno prikupiti podatke od maloljetnika i iskoristiti ih na bilo koji na\u010din, ili ih otkriti tre\u0107oj osobi bez dopu\u0161tenja osim ako zakon nala\u017ee druga\u010dije.<\/p>\n<p>MB Frigo Grupa zahtijeva da maloljetnici ne sudjeluju u pravnim poslovima u odnosu na na\u0161e proizvode i usluge bez suglasnosti roditelja ili zakonskog skrbnika i ne \u017eeli primati osobne informacije direktno od maloljetnika, no ponekad ne mo\u017ee odrediti dob osoba koje u takvim poslovima sudjeluju ili daju osobne podatke. Ako nam maloljetnik (po propisima pozitivnih zakona) ipak dostavi osobne podatke bez pristanka roditelja ili zakonskog staratelja, molimo roditelje ili staratelje da nas o tome obavijeste da bismo uklonili te informacije.<\/p>\n<p><strong><\/strong><\/p>\n<h3><strong>10. Va\u0161a prava<\/strong><\/h3>\n<p>Kao ispitanik, \u010dije osobne podatke obra\u0111uje MB FRigo Grupa, imate sljede\u0107a prava:<\/p>\n<ul>\n<li><strong><span>\u00a0<\/span>Pravo ispitanika na informaciju<\/strong><\/li>\n<\/ul>\n<p>Od MB FRigo Grupe mo\u017eete zatra\u017eiti potvrdu obra\u0111uju li se osobni podaci koji se odnose na vas. Ako je to slu\u010daj, od nas \u0107ete dobiti informaciju o svrsi obrade, kategorijama i primateljima tih podataka, razdoblju \u010duvanja odnosno\u00a0kriterijima kori\u0161tenima za utvr\u0111ivanje tog razdoblja te postojanju prava navedenih od b-g, pod to\u010dkom br. 8.<\/p>\n<ul>\n<li><strong><span>\u00a0<\/span>Pravo na ispravak<\/strong><\/li>\n<\/ul>\n<p>Od MB FRigo Grupe mo\u017eete neodlo\u017eno ishoditi ispravak ili dopunu svojih neto\u010dnih osobnih podataka koje obra\u0111ujemo.<\/p>\n<ul>\n<li><strong><span>\u00a0<\/span>Pravo na brisanje<\/strong><\/li>\n<\/ul>\n<p>Ako se tomu ne protivi neki va\u017eniji interes, kao \u0161to je to npr. ispunjavanje neke zakonske obveze, od MB Frigo Grupe mo\u017eete zatra\u017eiti neodlo\u017eno brisanje svojih osobnih podataka.<\/p>\n<ul>\n<li><strong><span>\u00a0<\/span>Pravo na ograni\u010denje obrade<\/strong><\/li>\n<\/ul>\n<p>Od MB FRigo Grupe mo\u017eete zahtijevati ograni\u010denje obrade svojih podataka iz razloga navedenih u OUZP-u (npr. provjera to\u010dnosti va\u0161ih osobnih podataka, nezakonita obrada, prigovor).<\/p>\n<ul>\n<li><strong><span>\u00a0<\/span>Pravo na prenosivost podataka<\/strong><\/li>\n<\/ul>\n<p>Od MB Frigo Grupe mo\u017eete zahtijevati osobne podatke koje ste stavili na raspolaganje u strukturiranom, uobi\u010dajeno upotrebljavanom i strojno \u010ditljivom formatu te zatra\u017eiti prijenos tih podataka drugom voditelju obrade ako je to tehni\u010dki izvedivo.<\/p>\n<ul>\n<li><strong><span>\u00a0<\/span>Pravo na prigovor i pravo opoziva privole<\/strong><\/li>\n<\/ul>\n<p>Imate pravo ulo\u017eiti prigovor na obradu svojih osobnih podataka. Ako MB FRigo Grupa ne mo\u017ee dokazati postojanje obvezuju\u0107ih i legitimnih razloge za obradu, va\u0161i \u0107e se podaci izbrisati. To je slu\u010daj i retrogradno u pogledu svih osobnih podataka koji su o vama u pro\u0161losti spremani.<\/p>\n<p>Neovisno o tome imate mogu\u0107nost u svakome trenutku opozvati privole dane npr. u okviru prijave za bilten ili prilikom upita.<\/p>\n<ul>\n<li><strong><span>\u00a0<\/span>Pravo na podno\u0161enje pritu\u017ebe<\/strong><\/li>\n<\/ul>\n<p>U kona\u010dnici uvijek imate pravo podnijeti pritu\u017ebu Agenciji za za\u0161titu podataka, Marti\u0107eva 14, 10000 Zagreb, telefon: +385 1 4609-000, odnosno\u00a0e-mail: <a href=\"mailto:azop@azop.hr\">azop@azop.hr<\/a>.<\/p>\n<p><strong><\/strong><\/p>\n<h3><strong>11. Informacije\u00a0<\/strong><\/h3>\n<p>Ako imate pitanja u vezi toga kako MB FRigo Grupa va\u0161e osobne podatke prikuplja, obra\u0111uje ili koristi, molimo po\u0161aljite nam e-mail na adresu: <a href=\"mailto:voditelj@mbfrigo.hr\">voditelj@mbfrigo.hr<\/a><\/p>\n<p>[\/et_pb_text][\/et_pb_column][\/et_pb_row][\/et_pb_section]<\/p>\n","protected":false},"excerpt":{"rendered":"<p>Izjava o privatnosti &nbsp; Za\u0161tita osobnih podataka na\u0161ih korisnika poseban je interes na\u0161e tvrtke. Sve aktivnosti MB Frigo Grupe d.o.o. (u daljem tekstu MB Frigo Grupa) na zadovoljavaju europske propise (EU Direktiva 95\/46\/EC,2002,58\/Ec i Me\u0111unarodni sporazum ETS 108, ETS 181, ETS 185, ETS 189) i dr\u017eavne zakone koji su na snazi u zemljama srednje i [&hellip;]<\/p>\n","protected":false},"author":1,"featured_media":0,"parent":0,"menu_order":0,"comment_status":"closed","ping_status":"closed","template":"","meta":{"_et_pb_use_builder":"on","_et_pb_old_content":"","_et_gb_content_width":"","footnotes":""},"class_list":["post-101005","page","type-page","status-publish","hentry"],"yoast_head":"<!-- This site is optimized with the Yoast SEO plugin v27.3 - https:\/\/yoast.com\/product\/yoast-seo-wordpress\/ -->\n<title>Izjava o privatnosti - Maxon<\/title>\n<meta name=\"robots\" content=\"index, follow, max-snippet:-1, max-image-preview:large, max-video-preview:-1\" \/>\n<link rel=\"canonical\" href=\"https:\/\/maxon-klima.rs\/hr\/izjava-o-privatnosti\/\" \/>\n<meta property=\"og:locale\" content=\"hr_HR\" \/>\n<meta property=\"og:type\" content=\"article\" \/>\n<meta property=\"og:title\" content=\"Izjava o privatnosti - Maxon\" \/>\n<meta property=\"og:description\" content=\"Izjava o privatnosti &nbsp; Za\u0161tita osobnih podataka na\u0161ih korisnika poseban je interes na\u0161e tvrtke. Sve aktivnosti MB Frigo Grupe d.o.o. (u daljem tekstu MB Frigo Grupa) na zadovoljavaju europske propise (EU Direktiva 95\/46\/EC,2002,58\/Ec i Me\u0111unarodni sporazum ETS 108, ETS 181, ETS 185, ETS 189) i dr\u017eavne zakone koji su na snazi u zemljama srednje i [&hellip;]\" \/>\n<meta property=\"og:url\" content=\"https:\/\/maxon-klima.rs\/hr\/izjava-o-privatnosti\/\" \/>\n<meta property=\"og:site_name\" content=\"Maxon\" \/>\n<meta property=\"article:modified_time\" content=\"2022-07-03T09:42:43+00:00\" \/>\n<meta name=\"twitter:card\" content=\"summary_large_image\" \/>\n<meta name=\"twitter:label1\" content=\"Procijenjeno vrijeme \u010ditanja\" \/>\n\t<meta name=\"twitter:data1\" content=\"11 minuta\" \/>\n<script type=\"application\/ld+json\" class=\"yoast-schema-graph\">{\"@context\":\"https:\\\/\\\/schema.org\",\"@graph\":[{\"@type\":\"WebPage\",\"@id\":\"https:\\\/\\\/maxon-klima.rs\\\/hr\\\/izjava-o-privatnosti\\\/\",\"url\":\"https:\\\/\\\/maxon-klima.rs\\\/hr\\\/izjava-o-privatnosti\\\/\",\"name\":\"Izjava o privatnosti - Maxon\",\"isPartOf\":{\"@id\":\"http:\\\/\\\/maxon-klima.rs\\\/hr\\\/#website\"},\"datePublished\":\"2022-07-03T09:33:59+00:00\",\"dateModified\":\"2022-07-03T09:42:43+00:00\",\"breadcrumb\":{\"@id\":\"https:\\\/\\\/maxon-klima.rs\\\/hr\\\/izjava-o-privatnosti\\\/#breadcrumb\"},\"inLanguage\":\"hr\",\"potentialAction\":[{\"@type\":\"ReadAction\",\"target\":[\"https:\\\/\\\/maxon-klima.rs\\\/hr\\\/izjava-o-privatnosti\\\/\"]}]},{\"@type\":\"BreadcrumbList\",\"@id\":\"https:\\\/\\\/maxon-klima.rs\\\/hr\\\/izjava-o-privatnosti\\\/#breadcrumb\",\"itemListElement\":[{\"@type\":\"ListItem\",\"position\":1,\"name\":\"Po\u010detna stranica\",\"item\":\"http:\\\/\\\/maxon-klima.rs\\\/hr\\\/\"},{\"@type\":\"ListItem\",\"position\":2,\"name\":\"Izjava o privatnosti\"}]},{\"@type\":\"WebSite\",\"@id\":\"http:\\\/\\\/maxon-klima.rs\\\/hr\\\/#website\",\"url\":\"http:\\\/\\\/maxon-klima.rs\\\/hr\\\/\",\"name\":\"Maxon\",\"description\":\"#1\",\"potentialAction\":[{\"@type\":\"SearchAction\",\"target\":{\"@type\":\"EntryPoint\",\"urlTemplate\":\"http:\\\/\\\/maxon-klima.rs\\\/hr\\\/?s={search_term_string}\"},\"query-input\":{\"@type\":\"PropertyValueSpecification\",\"valueRequired\":true,\"valueName\":\"search_term_string\"}}],\"inLanguage\":\"hr\"}]}<\/script>\n<!-- \/ Yoast SEO plugin. -->","yoast_head_json":{"title":"Izjava o privatnosti - Maxon","robots":{"index":"index","follow":"follow","max-snippet":"max-snippet:-1","max-image-preview":"max-image-preview:large","max-video-preview":"max-video-preview:-1"},"canonical":"https:\/\/maxon-klima.rs\/hr\/izjava-o-privatnosti\/","og_locale":"hr_HR","og_type":"article","og_title":"Izjava o privatnosti - Maxon","og_description":"Izjava o privatnosti &nbsp; Za\u0161tita osobnih podataka na\u0161ih korisnika poseban je interes na\u0161e tvrtke. Sve aktivnosti MB Frigo Grupe d.o.o. (u daljem tekstu MB Frigo Grupa) na zadovoljavaju europske propise (EU Direktiva 95\/46\/EC,2002,58\/Ec i Me\u0111unarodni sporazum ETS 108, ETS 181, ETS 185, ETS 189) i dr\u017eavne zakone koji su na snazi u zemljama srednje i [&hellip;]","og_url":"https:\/\/maxon-klima.rs\/hr\/izjava-o-privatnosti\/","og_site_name":"Maxon","article_modified_time":"2022-07-03T09:42:43+00:00","twitter_card":"summary_large_image","twitter_misc":{"Procijenjeno vrijeme \u010ditanja":"11 minuta"},"schema":{"@context":"https:\/\/schema.org","@graph":[{"@type":"WebPage","@id":"https:\/\/maxon-klima.rs\/hr\/izjava-o-privatnosti\/","url":"https:\/\/maxon-klima.rs\/hr\/izjava-o-privatnosti\/","name":"Izjava o privatnosti - Maxon","isPartOf":{"@id":"http:\/\/maxon-klima.rs\/hr\/#website"},"datePublished":"2022-07-03T09:33:59+00:00","dateModified":"2022-07-03T09:42:43+00:00","breadcrumb":{"@id":"https:\/\/maxon-klima.rs\/hr\/izjava-o-privatnosti\/#breadcrumb"},"inLanguage":"hr","potentialAction":[{"@type":"ReadAction","target":["https:\/\/maxon-klima.rs\/hr\/izjava-o-privatnosti\/"]}]},{"@type":"BreadcrumbList","@id":"https:\/\/maxon-klima.rs\/hr\/izjava-o-privatnosti\/#breadcrumb","itemListElement":[{"@type":"ListItem","position":1,"name":"Po\u010detna stranica","item":"http:\/\/maxon-klima.rs\/hr\/"},{"@type":"ListItem","position":2,"name":"Izjava o privatnosti"}]},{"@type":"WebSite","@id":"http:\/\/maxon-klima.rs\/hr\/#website","url":"http:\/\/maxon-klima.rs\/hr\/","name":"Maxon","description":"#1","potentialAction":[{"@type":"SearchAction","target":{"@type":"EntryPoint","urlTemplate":"http:\/\/maxon-klima.rs\/hr\/?s={search_term_string}"},"query-input":{"@type":"PropertyValueSpecification","valueRequired":true,"valueName":"search_term_string"}}],"inLanguage":"hr"}]}},"_links":{"self":[{"href":"http:\/\/maxon-klima.rs\/hr\/wp-json\/wp\/v2\/pages\/101005","targetHints":{"allow":["GET"]}}],"collection":[{"href":"http:\/\/maxon-klima.rs\/hr\/wp-json\/wp\/v2\/pages"}],"about":[{"href":"http:\/\/maxon-klima.rs\/hr\/wp-json\/wp\/v2\/types\/page"}],"author":[{"embeddable":true,"href":"http:\/\/maxon-klima.rs\/hr\/wp-json\/wp\/v2\/users\/1"}],"replies":[{"embeddable":true,"href":"http:\/\/maxon-klima.rs\/hr\/wp-json\/wp\/v2\/comments?post=101005"}],"version-history":[{"count":6,"href":"http:\/\/maxon-klima.rs\/hr\/wp-json\/wp\/v2\/pages\/101005\/revisions"}],"predecessor-version":[{"id":101013,"href":"http:\/\/maxon-klima.rs\/hr\/wp-json\/wp\/v2\/pages\/101005\/revisions\/101013"}],"wp:attachment":[{"href":"http:\/\/maxon-klima.rs\/hr\/wp-json\/wp\/v2\/media?parent=101005"}],"curies":[{"name":"wp","href":"https:\/\/api.w.org\/{rel}","templated":true}]}}